{"id":4434,"date":"2020-10-02T09:00:30","date_gmt":"2020-10-02T07:00:30","guid":{"rendered":"http:\/\/lyceedelaulne.fr\/?page_id=4434"},"modified":"2020-10-02T09:48:59","modified_gmt":"2020-10-02T07:48:59","slug":"stage-bac-pro-amenagements-paysagers","status":"publish","type":"page","link":"https:\/\/lyceedelaulne.fr\/?page_id=4434","title":{"rendered":"Stage Bac Pro Am\u00e9nagements Paysagers"},"content":{"rendered":"\t\t<div data-elementor-type=\"wp-page\" data-elementor-id=\"4434\" class=\"elementor elementor-4434\">\n\t\t\t\t\t\t<section class=\"elementor-section elementor-top-section elementor-element elementor-element-2f1babc4 elementor-section-boxed elementor-section-height-default elementor-section-height-default\" data-id=\"2f1babc4\" data-element_type=\"section\" data-e-type=\"section\">\n\t\t\t\t\t\t<div class=\"elementor-container elementor-column-gap-default\">\n\t\t\t\t\t<div class=\"elementor-column elementor-col-100 elementor-top-column elementor-element elementor-element-549c0382\" data-id=\"549c0382\" data-element_type=\"column\" data-e-type=\"column\">\n\t\t\t<div class=\"elementor-widget-wrap elementor-element-populated\">\n\t\t\t\t\t\t<div class=\"elementor-element elementor-element-2670383 elementor-widget elementor-widget-heading\" data-id=\"2670383\" data-element_type=\"widget\" data-e-type=\"widget\" data-widget_type=\"heading.default\">\n\t\t\t\t<div class=\"elementor-widget-container\">\n\t\t\t\t\t<h2 class=\"elementor-heading-title elementor-size-default\">Liste des t\u00e2ches<\/h2>\t\t\t\t<\/div>\n\t\t\t\t<\/div>\n\t\t\t\t\t<\/div>\n\t\t<\/div>\n\t\t\t\t\t<\/div>\n\t\t<\/section>\n\t\t\t\t<section class=\"elementor-section elementor-top-section elementor-element elementor-element-0e43255 elementor-section-boxed elementor-section-height-default elementor-section-height-default\" data-id=\"0e43255\" data-element_type=\"section\" data-e-type=\"section\" data-settings=\"{&quot;background_background&quot;:&quot;classic&quot;}\">\n\t\t\t\t\t\t<div class=\"elementor-container elementor-column-gap-default\">\n\t\t\t\t\t<div class=\"elementor-column elementor-col-100 elementor-top-column elementor-element elementor-element-d5f9ea0\" data-id=\"d5f9ea0\" data-element_type=\"column\" data-e-type=\"column\">\n\t\t\t<div class=\"elementor-widget-wrap elementor-element-populated\">\n\t\t\t\t\t\t<div class=\"elementor-element elementor-element-364c35d elementor-widget elementor-widget-text-editor\" data-id=\"364c35d\" data-element_type=\"widget\" data-e-type=\"widget\" data-widget_type=\"text-editor.default\">\n\t\t\t\t<div class=\"elementor-widget-container\">\n\t\t\t\t\t\t\t\t\t<p><em>Ces t\u00e2ches correspondent \u00e0 la fois \u00e0 la fois aux aptitudes du jeune, aux objectifs de la p\u00e9riode de formation et \u00e0 la progression p\u00e9dagogique du stagiaire.<\/em><\/p>\t\t\t\t\t\t\t\t<\/div>\n\t\t\t\t<\/div>\n\t\t\t\t\t<\/div>\n\t\t<\/div>\n\t\t\t\t\t<\/div>\n\t\t<\/section>\n\t\t\t\t<section class=\"elementor-section elementor-top-section elementor-element elementor-element-6c6d11ec elementor-section-boxed elementor-section-height-default elementor-section-height-default\" data-id=\"6c6d11ec\" data-element_type=\"section\" data-e-type=\"section\">\n\t\t\t\t\t\t\t<div class=\"elementor-background-overlay\"><\/div>\n\t\t\t\t\t\t\t<div class=\"elementor-container elementor-column-gap-default\">\n\t\t\t\t\t<div class=\"elementor-column elementor-col-50 elementor-top-column elementor-element elementor-element-1c00a149\" data-id=\"1c00a149\" data-element_type=\"column\" data-e-type=\"column\">\n\t\t\t<div class=\"elementor-widget-wrap elementor-element-populated\">\n\t\t\t\t\t\t<div class=\"elementor-element elementor-element-1777abd2 elementor-widget elementor-widget-text-editor\" data-id=\"1777abd2\" data-element_type=\"widget\" data-e-type=\"widget\" data-widget_type=\"text-editor.default\">\n\t\t\t\t<div class=\"elementor-widget-container\">\n\t\t\t\t\t\t\t\t\t<p><strong>Les documents<\/strong><\/p><ul><li>Lecture de plan et interpr\u00e9tation sur le chantier<\/li><li>R\u00e9alisation d&rsquo;une fiche en fin de travaux<\/li><\/ul><p><strong>R\u00e9ception des mat\u00e9riaux et fournitures<\/strong><\/p><ul><li>R\u00e9ception, Contr\u00f4le de la qualit\u00e9 et de la conformit\u00e9, stockage<\/li><\/ul><p><strong>Travaux pr\u00e9liminaires<\/strong><\/p><ul><li>Nettoyage du terrain<\/li><li>D\u00e9broussaillage<\/li><li>D\u00e9molition, Ramassage, \u00e9vacuation<\/li><li>Mise en jauge<\/li><li>Mise en place des mesures et installations de s\u00e9curit\u00e9<\/li><li>Contr\u00f4le des outils et du mat\u00e9riel<\/li><\/ul><p><strong>Travaux de report sur le terrain<\/strong><\/p><ul><li>Organisation du chantier<\/li><li>R\u00e9alisation du report de plan sur le terrain (piquetage\u2026)<\/li><li>Contr\u00f4le du travail r\u00e9alis\u00e9<\/li><\/ul><p><strong>Travaux d&rsquo;infrastructure<\/strong><\/p><ul><li>Conduite des travaux d&rsquo;infrastructure<\/li><li>Conduite de la pr\u00e9paration des sols<\/li><li>Conduite des travaux de cr\u00e9ation de voies de circulation<\/li><li>Conduite des travaux de constructions paysag\u00e8res<\/li><\/ul><p><strong>Travaux de plantation<\/strong><\/p><ul><li>R\u00e9ception des v\u00e9g\u00e9taux<\/li><li>Pr\u00e9paration du sol,<\/li><li>Pr\u00e9paration des v\u00e9g\u00e9taux<\/li><li>Plantation et suivi<\/li><\/ul><p><strong>Travaux d&rsquo;engazonnement<\/strong><\/p><ul><li>Pr\u00e9paration du sol<\/li><li>Engazonnement simple<\/li><\/ul><p><strong>Maintenance des infrastructures<\/strong><\/p><ul><li>Maintenance des voies de circulation<\/li><li>Maintenance des constructions<\/li><li>Maintenance et surveillance des r\u00e9seaux<\/li><\/ul><p><strong>Maintenance des espaces plant\u00e9s et enherb\u00e9s<\/strong><\/p><ul><li>Planification des travaux<\/li><li>Travail du sol<\/li><li>D\u00e9sherbage<\/li><li>Amendement et fertilisation<\/li><li>Arrosage<\/li><li>Protection sanitaire<\/li><li>Entretien des v\u00e9g\u00e9taux et des massifs<\/li><li>Taille des v\u00e9g\u00e9taux<\/li><li>Tonte<\/li><\/ul><p><strong>Fonctionnement et maintenance des mat\u00e9riels et \u00e9quipements sp\u00e9cialis\u00e9s<\/strong><\/p><ul><li>Lecture des documents techniques<\/li><li>Initiation \u00e0 la conduite de mat\u00e9riel de mise en forme des terrains<\/li><li>Initiation \u00e0 la conduite de mat\u00e9riel de travail du sol<\/li><\/ul>\t\t\t\t\t\t\t\t<\/div>\n\t\t\t\t<\/div>\n\t\t\t\t\t<\/div>\n\t\t<\/div>\n\t\t\t\t<div class=\"elementor-column elementor-col-50 elementor-top-column elementor-element elementor-element-58bdfe6a\" data-id=\"58bdfe6a\" data-element_type=\"column\" data-e-type=\"column\">\n\t\t\t<div class=\"elementor-widget-wrap elementor-element-populated\">\n\t\t\t\t\t\t<div class=\"elementor-element elementor-element-364d7ec elementor-widget elementor-widget-image-gallery\" data-id=\"364d7ec\" data-element_type=\"widget\" data-e-type=\"widget\" data-widget_type=\"image-gallery.default\">\n\t\t\t\t<div class=\"elementor-widget-container\">\n\t\t\t\t\t\t\t<div class=\"elementor-image-gallery\">\n\t\t\t<div id='gallery-1' class='gallery galleryid-4434 gallery-columns-1 gallery-size-education-mind-thumb'><figure class='gallery-item'>\n\t\t\t<div class='gallery-icon landscape'>\n\t\t\t\t<a data-elementor-open-lightbox=\"yes\" data-elementor-lightbox-slideshow=\"364d7ec\" data-elementor-lightbox-title=\"DSC05265\" data-e-action-hash=\"#elementor-action%3Aaction%3Dlightbox%26settings%3DeyJpZCI6MTczMywidXJsIjoiaHR0cHM6XC9cL2x5Y2VlZGVsYXVsbmUuZnJcL3dwLWNvbnRlbnRcL3VwbG9hZHNcLzIwMTlcLzA2XC9EU0MwNTI2NS5wbmciLCJzbGlkZXNob3ciOiIzNjRkN2VjIn0%3D\" href='https:\/\/lyceedelaulne.fr\/wp-content\/uploads\/2019\/06\/DSC05265.png'><img fetchpriority=\"high\" decoding=\"async\" width=\"360\" height=\"270\" src=\"https:\/\/lyceedelaulne.fr\/wp-content\/uploads\/2019\/06\/DSC05265-360x270.png\" class=\"attachment-education-mind-thumb size-education-mind-thumb\" alt=\"\" srcset=\"https:\/\/lyceedelaulne.fr\/wp-content\/uploads\/2019\/06\/DSC05265-360x270.png 360w, https:\/\/lyceedelaulne.fr\/wp-content\/uploads\/2019\/06\/DSC05265-300x225.png 300w, https:\/\/lyceedelaulne.fr\/wp-content\/uploads\/2019\/06\/DSC05265.png 600w\" sizes=\"(max-width: 360px) 100vw, 360px\" \/><\/a>\n\t\t\t<\/div><\/figure><figure class='gallery-item'>\n\t\t\t<div class='gallery-icon landscape'>\n\t\t\t\t<a data-elementor-open-lightbox=\"yes\" data-elementor-lightbox-slideshow=\"364d7ec\" data-elementor-lightbox-title=\"20190402_164934\" data-e-action-hash=\"#elementor-action%3Aaction%3Dlightbox%26settings%3DeyJpZCI6MTczMiwidXJsIjoiaHR0cHM6XC9cL2x5Y2VlZGVsYXVsbmUuZnJcL3dwLWNvbnRlbnRcL3VwbG9hZHNcLzIwMTlcLzA2XC8yMDE5MDQwMl8xNjQ5MzQucG5nIiwic2xpZGVzaG93IjoiMzY0ZDdlYyJ9\" href='https:\/\/lyceedelaulne.fr\/wp-content\/uploads\/2019\/06\/20190402_164934.png'><img decoding=\"async\" width=\"360\" height=\"270\" src=\"https:\/\/lyceedelaulne.fr\/wp-content\/uploads\/2019\/06\/20190402_164934-360x270.png\" class=\"attachment-education-mind-thumb size-education-mind-thumb\" alt=\"\" srcset=\"https:\/\/lyceedelaulne.fr\/wp-content\/uploads\/2019\/06\/20190402_164934-360x270.png 360w, https:\/\/lyceedelaulne.fr\/wp-content\/uploads\/2019\/06\/20190402_164934-300x225.png 300w, https:\/\/lyceedelaulne.fr\/wp-content\/uploads\/2019\/06\/20190402_164934.png 600w\" sizes=\"(max-width: 360px) 100vw, 360px\" \/><\/a>\n\t\t\t<\/div><\/figure><figure class='gallery-item'>\n\t\t\t<div class='gallery-icon landscape'>\n\t\t\t\t<a data-elementor-open-lightbox=\"yes\" data-elementor-lightbox-slideshow=\"364d7ec\" data-elementor-lightbox-title=\"20190319_153500\" data-e-action-hash=\"#elementor-action%3Aaction%3Dlightbox%26settings%3DeyJpZCI6MTczOSwidXJsIjoiaHR0cHM6XC9cL2x5Y2VlZGVsYXVsbmUuZnJcL3dwLWNvbnRlbnRcL3VwbG9hZHNcLzIwMTlcLzA2XC8yMDE5MDMxOV8xNTM1MDAucG5nIiwic2xpZGVzaG93IjoiMzY0ZDdlYyJ9\" href='https:\/\/lyceedelaulne.fr\/wp-content\/uploads\/2019\/06\/20190319_153500.png'><img decoding=\"async\" width=\"360\" height=\"270\" src=\"https:\/\/lyceedelaulne.fr\/wp-content\/uploads\/2019\/06\/20190319_153500-360x270.png\" class=\"attachment-education-mind-thumb size-education-mind-thumb\" alt=\"\" srcset=\"https:\/\/lyceedelaulne.fr\/wp-content\/uploads\/2019\/06\/20190319_153500-360x270.png 360w, https:\/\/lyceedelaulne.fr\/wp-content\/uploads\/2019\/06\/20190319_153500-300x225.png 300w, https:\/\/lyceedelaulne.fr\/wp-content\/uploads\/2019\/06\/20190319_153500.png 600w\" sizes=\"(max-width: 360px) 100vw, 360px\" \/><\/a>\n\t\t\t<\/div><\/figure><figure class='gallery-item'>\n\t\t\t<div class='gallery-icon landscape'>\n\t\t\t\t<a data-elementor-open-lightbox=\"yes\" data-elementor-lightbox-slideshow=\"364d7ec\" data-elementor-lightbox-title=\"Plantage AP (8)\" data-e-action-hash=\"#elementor-action%3Aaction%3Dlightbox%26settings%3DeyJpZCI6MTczNiwidXJsIjoiaHR0cHM6XC9cL2x5Y2VlZGVsYXVsbmUuZnJcL3dwLWNvbnRlbnRcL3VwbG9hZHNcLzIwMTlcLzA2XC9QbGFudGFnZS1BUC04LnBuZyIsInNsaWRlc2hvdyI6IjM2NGQ3ZWMifQ%3D%3D\" href='https:\/\/lyceedelaulne.fr\/wp-content\/uploads\/2019\/06\/Plantage-AP-8.png'><img loading=\"lazy\" decoding=\"async\" width=\"360\" height=\"270\" src=\"https:\/\/lyceedelaulne.fr\/wp-content\/uploads\/2019\/06\/Plantage-AP-8-360x270.png\" class=\"attachment-education-mind-thumb size-education-mind-thumb\" alt=\"\" srcset=\"https:\/\/lyceedelaulne.fr\/wp-content\/uploads\/2019\/06\/Plantage-AP-8-360x270.png 360w, https:\/\/lyceedelaulne.fr\/wp-content\/uploads\/2019\/06\/Plantage-AP-8-300x225.png 300w, https:\/\/lyceedelaulne.fr\/wp-content\/uploads\/2019\/06\/Plantage-AP-8.png 600w\" sizes=\"(max-width: 360px) 100vw, 360px\" \/><\/a>\n\t\t\t<\/div><\/figure>\n\t\t<\/div>\n\t\t<\/div>\n\t\t\t\t\t\t<\/div>\n\t\t\t\t<\/div>\n\t\t\t\t\t<\/div>\n\t\t<\/div>\n\t\t\t\t\t<\/div>\n\t\t<\/section>\n\t\t\t\t<section class=\"elementor-section elementor-top-section elementor-element elementor-element-c2b583d elementor-section-boxed elementor-section-height-default elementor-section-height-default\" data-id=\"c2b583d\" data-element_type=\"section\" data-e-type=\"section\" data-settings=\"{&quot;background_background&quot;:&quot;classic&quot;}\">\n\t\t\t\t\t\t<div class=\"elementor-container elementor-column-gap-default\">\n\t\t\t\t\t<div class=\"elementor-column elementor-col-100 elementor-top-column elementor-element elementor-element-8749b56\" data-id=\"8749b56\" data-element_type=\"column\" data-e-type=\"column\">\n\t\t\t<div class=\"elementor-widget-wrap elementor-element-populated\">\n\t\t\t\t\t\t<div class=\"elementor-element elementor-element-9c6a43b elementor-widget elementor-widget-text-editor\" data-id=\"9c6a43b\" data-element_type=\"widget\" data-e-type=\"widget\" data-widget_type=\"text-editor.default\">\n\t\t\t\t<div class=\"elementor-widget-container\">\n\t\t\t\t\t\t\t\t\t<p><em>Les mat\u00e9riels doivent \u00eatre conformes \u00e0 la r\u00e9glementation en vigueur. Les stagiaires mineurs doivent avoir obtenu une d\u00e9rogation pour utiliser tout mat\u00e9riel ou r\u00e9aliser tous travaux interdits par les articles R234-11 \u00e0 R234-21 du code du travail.<\/em><\/p>\t\t\t\t\t\t\t\t<\/div>\n\t\t\t\t<\/div>\n\t\t\t\t\t<\/div>\n\t\t<\/div>\n\t\t\t\t\t<\/div>\n\t\t<\/section>\n\t\t\t\t<\/div>\n\t\t","protected":false},"excerpt":{"rendered":"<p>Liste des t\u00e2ches Ces t\u00e2ches correspondent \u00e0 la fois \u00e0 la fois aux aptitudes du jeune, aux objectifs de la p\u00e9riode de formation et \u00e0 la progression p\u00e9dagogique du stagiaire. Les documents Lecture de plan et interpr\u00e9tation sur le chantier&hellip;&nbsp;<a href=\"https:\/\/lyceedelaulne.fr\/?page_id=4434\" class=\"more-link\">Lire la suite<\/a><\/p>\n","protected":false},"author":1,"featured_media":0,"parent":0,"menu_order":0,"comment_status":"closed","ping_status":"closed","template":"","meta":{"footnotes":""},"class_list":["post-4434","page","type-page","status-publish","hentry"],"_links":{"self":[{"href":"https:\/\/lyceedelaulne.fr\/index.php?rest_route=\/wp\/v2\/pages\/4434","targetHints":{"allow":["GET"]}}],"collection":[{"href":"https:\/\/lyceedelaulne.fr\/index.php?rest_route=\/wp\/v2\/pages"}],"about":[{"href":"https:\/\/lyceedelaulne.fr\/index.php?rest_route=\/wp\/v2\/types\/page"}],"author":[{"embeddable":true,"href":"https:\/\/lyceedelaulne.fr\/index.php?rest_route=\/wp\/v2\/users\/1"}],"replies":[{"embeddable":true,"href":"https:\/\/lyceedelaulne.fr\/index.php?rest_route=%2Fwp%2Fv2%2Fcomments&post=4434"}],"version-history":[{"count":5,"href":"https:\/\/lyceedelaulne.fr\/index.php?rest_route=\/wp\/v2\/pages\/4434\/revisions"}],"predecessor-version":[{"id":4442,"href":"https:\/\/lyceedelaulne.fr\/index.php?rest_route=\/wp\/v2\/pages\/4434\/revisions\/4442"}],"wp:attachment":[{"href":"https:\/\/lyceedelaulne.fr\/index.php?rest_route=%2Fwp%2Fv2%2Fmedia&parent=4434"}],"curies":[{"name":"wp","href":"https:\/\/api.w.org\/{rel}","templated":true}]}}