{"id":3059,"date":"2019-10-08T18:39:39","date_gmt":"2019-10-08T16:39:39","guid":{"rendered":"http:\/\/lyceedelaulne.fr\/?page_id=3059"},"modified":"2025-01-24T15:12:06","modified_gmt":"2025-01-24T14:12:06","slug":"service","status":"publish","type":"page","link":"https:\/\/lyceedelaulne.fr\/?page_id=3059","title":{"rendered":"Service"},"content":{"rendered":"\t\t<div data-elementor-type=\"wp-post\" data-elementor-id=\"3059\" class=\"elementor elementor-3059\">\n\t\t\t\t\t\t<section class=\"elementor-section elementor-top-section elementor-element elementor-element-c2f5401 elementor-section-boxed elementor-section-height-default elementor-section-height-default\" data-id=\"c2f5401\" data-element_type=\"section\" data-e-type=\"section\">\n\t\t\t\t\t\t<div class=\"elementor-container elementor-column-gap-default\">\n\t\t\t\t\t<div class=\"elementor-column elementor-col-100 elementor-top-column elementor-element elementor-element-4500a4a\" data-id=\"4500a4a\" data-element_type=\"column\" data-e-type=\"column\">\n\t\t\t<div class=\"elementor-widget-wrap elementor-element-populated\">\n\t\t\t\t\t\t<div class=\"elementor-element elementor-element-fe8044f elementor-widget elementor-widget-heading\" data-id=\"fe8044f\" data-element_type=\"widget\" data-e-type=\"widget\" data-widget_type=\"heading.default\">\n\t\t\t\t<div class=\"elementor-widget-container\">\n\t\t\t\t\t<h2 class=\"elementor-heading-title elementor-size-default\">Formations Services \u00e0 la personne et aux territoires<\/h2>\t\t\t\t<\/div>\n\t\t\t\t<\/div>\n\t\t\t\t\t<\/div>\n\t\t<\/div>\n\t\t\t\t\t<\/div>\n\t\t<\/section>\n\t\t\t\t<section class=\"elementor-section elementor-top-section elementor-element elementor-element-2db2fc1d elementor-section-boxed elementor-section-height-default elementor-section-height-default\" data-id=\"2db2fc1d\" data-element_type=\"section\" data-e-type=\"section\">\n\t\t\t\t\t\t<div class=\"elementor-container elementor-column-gap-default\">\n\t\t\t\t\t<div class=\"elementor-column elementor-col-100 elementor-top-column elementor-element elementor-element-3d0bddd7\" data-id=\"3d0bddd7\" data-element_type=\"column\" data-e-type=\"column\">\n\t\t\t<div class=\"elementor-widget-wrap elementor-element-populated\">\n\t\t\t\t\t\t<div class=\"elementor-element elementor-element-1ace05a5 elementor-widget elementor-widget-spacer\" data-id=\"1ace05a5\" data-element_type=\"widget\" data-e-type=\"widget\" data-widget_type=\"spacer.default\">\n\t\t\t\t<div class=\"elementor-widget-container\">\n\t\t\t\t\t\t\t<div class=\"elementor-spacer\">\n\t\t\t<div class=\"elementor-spacer-inner\"><\/div>\n\t\t<\/div>\n\t\t\t\t\t\t<\/div>\n\t\t\t\t<\/div>\n\t\t\t\t\t<\/div>\n\t\t<\/div>\n\t\t\t\t\t<\/div>\n\t\t<\/section>\n\t\t\t\t<section class=\"elementor-section elementor-top-section elementor-element elementor-element-8fe24e elementor-section-boxed elementor-section-height-default elementor-section-height-default\" data-id=\"8fe24e\" data-element_type=\"section\" data-e-type=\"section\" data-settings=\"{&quot;background_background&quot;:&quot;classic&quot;}\">\n\t\t\t\t\t\t<div class=\"elementor-container elementor-column-gap-default\">\n\t\t\t\t\t<div class=\"elementor-column elementor-col-100 elementor-top-column elementor-element elementor-element-362bacae\" data-id=\"362bacae\" data-element_type=\"column\" data-e-type=\"column\" data-settings=\"{&quot;background_background&quot;:&quot;classic&quot;}\">\n\t\t\t<div class=\"elementor-widget-wrap elementor-element-populated\">\n\t\t\t\t\t\t<section class=\"elementor-section elementor-inner-section elementor-element elementor-element-2b7f881c elementor-section-boxed elementor-section-height-default elementor-section-height-default\" data-id=\"2b7f881c\" data-element_type=\"section\" data-e-type=\"section\">\n\t\t\t\t\t\t<div class=\"elementor-container elementor-column-gap-extended\">\n\t\t\t\t\t<div class=\"elementor-column elementor-col-25 elementor-inner-column elementor-element elementor-element-7d98747\" data-id=\"7d98747\" data-element_type=\"column\" data-e-type=\"column\" data-settings=\"{&quot;background_background&quot;:&quot;classic&quot;}\">\n\t\t\t<div class=\"elementor-widget-wrap elementor-element-populated\">\n\t\t\t\t\t\t<div class=\"elementor-element elementor-element-188fbac elementor-invisible elementor-widget elementor-widget-image\" data-id=\"188fbac\" data-element_type=\"widget\" data-e-type=\"widget\" data-settings=\"{&quot;_animation&quot;:&quot;zoomIn&quot;}\" data-widget_type=\"image.default\">\n\t\t\t\t<div class=\"elementor-widget-container\">\n\t\t\t\t\t\t\t\t\t\t\t\t<figure class=\"wp-caption\">\n\t\t\t\t\t\t\t\t\t\t\t<a href=\"http:\/\/lyceedelaulne.fr\/?page_id=1023\">\n\t\t\t\t\t\t\t<img fetchpriority=\"high\" decoding=\"async\" width=\"600\" height=\"450\" src=\"https:\/\/lyceedelaulne.fr\/wp-content\/uploads\/2019\/06\/Divers-photos-fili\u00e8res-9.png\" class=\"attachment-large size-large wp-image-1830\" alt=\"\" srcset=\"https:\/\/lyceedelaulne.fr\/wp-content\/uploads\/2019\/06\/Divers-photos-fili\u00e8res-9.png 600w, https:\/\/lyceedelaulne.fr\/wp-content\/uploads\/2019\/06\/Divers-photos-fili\u00e8res-9-300x225.png 300w, https:\/\/lyceedelaulne.fr\/wp-content\/uploads\/2019\/06\/Divers-photos-fili\u00e8res-9-360x270.png 360w\" sizes=\"(max-width: 600px) 100vw, 600px\" \/>\t\t\t\t\t\t\t\t<\/a>\n\t\t\t\t\t\t\t\t\t\t\t<figcaption class=\"widget-image-caption wp-caption-text\">CAPA Service Aux Personnes et Vente en Espace Rural<\/figcaption>\n\t\t\t\t\t\t\t\t\t\t<\/figure>\n\t\t\t\t\t\t\t\t\t<\/div>\n\t\t\t\t<\/div>\n\t\t\t\t\t<\/div>\n\t\t<\/div>\n\t\t\t\t<div class=\"elementor-column elementor-col-25 elementor-inner-column elementor-element elementor-element-4babf75e\" data-id=\"4babf75e\" data-element_type=\"column\" data-e-type=\"column\" data-settings=\"{&quot;background_background&quot;:&quot;classic&quot;}\">\n\t\t\t<div class=\"elementor-widget-wrap elementor-element-populated\">\n\t\t\t\t\t\t<div class=\"elementor-element elementor-element-65477230 elementor-invisible elementor-widget elementor-widget-image\" data-id=\"65477230\" data-element_type=\"widget\" data-e-type=\"widget\" data-settings=\"{&quot;_animation&quot;:&quot;zoomIn&quot;}\" data-widget_type=\"image.default\">\n\t\t\t\t<div class=\"elementor-widget-container\">\n\t\t\t\t\t\t\t\t\t\t\t\t<figure class=\"wp-caption\">\n\t\t\t\t\t\t\t\t\t\t\t<a href=\"http:\/\/lyceedelaulne.fr\/?page_id=1014\">\n\t\t\t\t\t\t\t<img decoding=\"async\" width=\"600\" height=\"450\" src=\"https:\/\/lyceedelaulne.fr\/wp-content\/uploads\/2019\/06\/20190424_144725.jpg\" class=\"attachment-large size-large wp-image-2022\" alt=\"\" srcset=\"https:\/\/lyceedelaulne.fr\/wp-content\/uploads\/2019\/06\/20190424_144725.jpg 600w, https:\/\/lyceedelaulne.fr\/wp-content\/uploads\/2019\/06\/20190424_144725-300x225.jpg 300w, https:\/\/lyceedelaulne.fr\/wp-content\/uploads\/2019\/06\/20190424_144725-360x270.jpg 360w\" sizes=\"(max-width: 600px) 100vw, 600px\" \/>\t\t\t\t\t\t\t\t<\/a>\n\t\t\t\t\t\t\t\t\t\t\t<figcaption class=\"widget-image-caption wp-caption-text\">Bac Pro Service A la Personne et Aux Territoires<\/figcaption>\n\t\t\t\t\t\t\t\t\t\t<\/figure>\n\t\t\t\t\t\t\t\t\t<\/div>\n\t\t\t\t<\/div>\n\t\t\t\t\t<\/div>\n\t\t<\/div>\n\t\t\t\t<div class=\"elementor-column elementor-col-25 elementor-inner-column elementor-element elementor-element-6ac4785\" data-id=\"6ac4785\" data-element_type=\"column\" data-e-type=\"column\" data-settings=\"{&quot;background_background&quot;:&quot;classic&quot;}\">\n\t\t\t<div class=\"elementor-widget-wrap elementor-element-populated\">\n\t\t\t\t\t\t<div class=\"elementor-element elementor-element-41621e7 elementor-invisible elementor-widget elementor-widget-image\" data-id=\"41621e7\" data-element_type=\"widget\" data-e-type=\"widget\" data-settings=\"{&quot;_animation&quot;:&quot;zoomIn&quot;}\" data-widget_type=\"image.default\">\n\t\t\t\t<div class=\"elementor-widget-container\">\n\t\t\t\t\t\t\t\t\t\t\t\t<figure class=\"wp-caption\">\n\t\t\t\t\t\t\t\t\t\t\t<a href=\"http:\/\/lyceedelaulne.fr\/?page_id=946\">\n\t\t\t\t\t\t\t<img decoding=\"async\" width=\"600\" height=\"450\" src=\"https:\/\/lyceedelaulne.fr\/wp-content\/uploads\/2019\/09\/DSCF4689.jpg\" class=\"attachment-large size-large wp-image-2769\" alt=\"BTS DATR lyc\u00e9e de l&#039;Aulne semaine immersion mus\u00e9e des min\u00e9raux3\" srcset=\"https:\/\/lyceedelaulne.fr\/wp-content\/uploads\/2019\/09\/DSCF4689.jpg 600w, https:\/\/lyceedelaulne.fr\/wp-content\/uploads\/2019\/09\/DSCF4689-300x225.jpg 300w, https:\/\/lyceedelaulne.fr\/wp-content\/uploads\/2019\/09\/DSCF4689-360x270.jpg 360w\" sizes=\"(max-width: 600px) 100vw, 600px\" \/>\t\t\t\t\t\t\t\t<\/a>\n\t\t\t\t\t\t\t\t\t\t\t<figcaption class=\"widget-image-caption wp-caption-text\">BTSA D\u00e9veloppement et Animation des Territoires Ruraux<\/figcaption>\n\t\t\t\t\t\t\t\t\t\t<\/figure>\n\t\t\t\t\t\t\t\t\t<\/div>\n\t\t\t\t<\/div>\n\t\t\t\t\t<\/div>\n\t\t<\/div>\n\t\t\t\t<div class=\"elementor-column elementor-col-25 elementor-inner-column elementor-element elementor-element-19e0cc1\" data-id=\"19e0cc1\" data-element_type=\"column\" data-e-type=\"column\" data-settings=\"{&quot;background_background&quot;:&quot;classic&quot;}\">\n\t\t\t<div class=\"elementor-widget-wrap elementor-element-populated\">\n\t\t\t\t\t\t<div class=\"elementor-element elementor-element-cb36d8b elementor-invisible elementor-widget elementor-widget-image\" data-id=\"cb36d8b\" data-element_type=\"widget\" data-e-type=\"widget\" data-settings=\"{&quot;_animation&quot;:&quot;zoomIn&quot;}\" data-widget_type=\"image.default\">\n\t\t\t\t<div class=\"elementor-widget-container\">\n\t\t\t\t\t\t\t\t\t\t\t\t<figure class=\"wp-caption\">\n\t\t\t\t\t\t\t\t\t\t\t<a href=\"https:\/\/lyceedelaulne.fr\/?page_id=7496\">\n\t\t\t\t\t\t\t<img loading=\"lazy\" decoding=\"async\" width=\"1024\" height=\"768\" src=\"https:\/\/lyceedelaulne.fr\/wp-content\/uploads\/2025\/01\/DSC07719-1024x768.jpg\" class=\"attachment-large size-large wp-image-7732\" alt=\"\" srcset=\"https:\/\/lyceedelaulne.fr\/wp-content\/uploads\/2025\/01\/DSC07719-1024x768.jpg 1024w, https:\/\/lyceedelaulne.fr\/wp-content\/uploads\/2025\/01\/DSC07719-300x225.jpg 300w, https:\/\/lyceedelaulne.fr\/wp-content\/uploads\/2025\/01\/DSC07719-768x576.jpg 768w, https:\/\/lyceedelaulne.fr\/wp-content\/uploads\/2025\/01\/DSC07719-1536x1152.jpg 1536w, https:\/\/lyceedelaulne.fr\/wp-content\/uploads\/2025\/01\/DSC07719-2048x1536.jpg 2048w, https:\/\/lyceedelaulne.fr\/wp-content\/uploads\/2025\/01\/DSC07719-360x270.jpg 360w\" sizes=\"(max-width: 1024px) 100vw, 1024px\" \/>\t\t\t\t\t\t\t\t<\/a>\n\t\t\t\t\t\t\t\t\t\t\t<figcaption class=\"widget-image-caption wp-caption-text\">BTSA D\u00e9veloppements et Animations des projets TeRritoriaux (rentr\u00e9e 2025)<\/figcaption>\n\t\t\t\t\t\t\t\t\t\t<\/figure>\n\t\t\t\t\t\t\t\t\t<\/div>\n\t\t\t\t<\/div>\n\t\t\t\t\t<\/div>\n\t\t<\/div>\n\t\t\t\t\t<\/div>\n\t\t<\/section>\n\t\t\t\t\t<\/div>\n\t\t<\/div>\n\t\t\t\t\t<\/div>\n\t\t<\/section>\n\t\t\t\t<\/div>\n\t\t","protected":false},"excerpt":{"rendered":"<p>Formations Services \u00e0 la personne et aux territoires CAPA Service Aux Personnes et Vente en Espace Rural Bac Pro Service A la Personne et Aux Territoires BTSA D\u00e9veloppement et Animation des Territoires Ruraux BTSA D\u00e9veloppements et Animations des projets TeRritoriaux&hellip;&nbsp;<a href=\"https:\/\/lyceedelaulne.fr\/?page_id=3059\" class=\"more-link\">Lire la suite<\/a><\/p>\n","protected":false},"author":1,"featured_media":0,"parent":0,"menu_order":0,"comment_status":"closed","ping_status":"closed","template":"","meta":{"footnotes":""},"class_list":["post-3059","page","type-page","status-publish","hentry"],"_links":{"self":[{"href":"https:\/\/lyceedelaulne.fr\/index.php?rest_route=\/wp\/v2\/pages\/3059","targetHints":{"allow":["GET"]}}],"collection":[{"href":"https:\/\/lyceedelaulne.fr\/index.php?rest_route=\/wp\/v2\/pages"}],"about":[{"href":"https:\/\/lyceedelaulne.fr\/index.php?rest_route=\/wp\/v2\/types\/page"}],"author":[{"embeddable":true,"href":"https:\/\/lyceedelaulne.fr\/index.php?rest_route=\/wp\/v2\/users\/1"}],"replies":[{"embeddable":true,"href":"https:\/\/lyceedelaulne.fr\/index.php?rest_route=%2Fwp%2Fv2%2Fcomments&post=3059"}],"version-history":[{"count":18,"href":"https:\/\/lyceedelaulne.fr\/index.php?rest_route=\/wp\/v2\/pages\/3059\/revisions"}],"predecessor-version":[{"id":7735,"href":"https:\/\/lyceedelaulne.fr\/index.php?rest_route=\/wp\/v2\/pages\/3059\/revisions\/7735"}],"wp:attachment":[{"href":"https:\/\/lyceedelaulne.fr\/index.php?rest_route=%2Fwp%2Fv2%2Fmedia&parent=3059"}],"curies":[{"name":"wp","href":"https:\/\/api.w.org\/{rel}","templated":true}]}}