{"id":3046,"date":"2019-10-08T18:19:01","date_gmt":"2019-10-08T16:19:01","guid":{"rendered":"http:\/\/lyceedelaulne.fr\/?page_id=3046"},"modified":"2025-01-21T11:23:46","modified_gmt":"2025-01-21T10:23:46","slug":"paysage","status":"publish","type":"page","link":"https:\/\/lyceedelaulne.fr\/?page_id=3046","title":{"rendered":"Paysage"},"content":{"rendered":"\t\t<div data-elementor-type=\"wp-post\" data-elementor-id=\"3046\" class=\"elementor elementor-3046\">\n\t\t\t\t\t\t<section class=\"elementor-section elementor-top-section elementor-element elementor-element-1354d9b elementor-section-boxed elementor-section-height-default elementor-section-height-default\" data-id=\"1354d9b\" data-element_type=\"section\" data-e-type=\"section\">\n\t\t\t\t\t\t<div class=\"elementor-container elementor-column-gap-default\">\n\t\t\t\t\t<div class=\"elementor-column elementor-col-100 elementor-top-column elementor-element elementor-element-09264b3\" data-id=\"09264b3\" data-element_type=\"column\" data-e-type=\"column\">\n\t\t\t<div class=\"elementor-widget-wrap elementor-element-populated\">\n\t\t\t\t\t\t<div class=\"elementor-element elementor-element-f5e843d elementor-widget elementor-widget-heading\" data-id=\"f5e843d\" data-element_type=\"widget\" data-e-type=\"widget\" data-widget_type=\"heading.default\">\n\t\t\t\t<div class=\"elementor-widget-container\">\n\t\t\t\t\t<h2 class=\"elementor-heading-title elementor-size-default\">Formations  paysage<\/h2>\t\t\t\t<\/div>\n\t\t\t\t<\/div>\n\t\t\t\t\t<\/div>\n\t\t<\/div>\n\t\t\t\t\t<\/div>\n\t\t<\/section>\n\t\t\t\t<section class=\"elementor-section elementor-top-section elementor-element elementor-element-1cde5b7f elementor-section-boxed elementor-section-height-default elementor-section-height-default\" data-id=\"1cde5b7f\" data-element_type=\"section\" data-e-type=\"section\">\n\t\t\t\t\t\t<div class=\"elementor-container elementor-column-gap-default\">\n\t\t\t\t\t<div class=\"elementor-column elementor-col-100 elementor-top-column elementor-element elementor-element-2322975f\" data-id=\"2322975f\" data-element_type=\"column\" data-e-type=\"column\">\n\t\t\t<div class=\"elementor-widget-wrap elementor-element-populated\">\n\t\t\t\t\t\t<div class=\"elementor-element elementor-element-67a0c00d elementor-widget elementor-widget-spacer\" data-id=\"67a0c00d\" data-element_type=\"widget\" data-e-type=\"widget\" data-widget_type=\"spacer.default\">\n\t\t\t\t<div class=\"elementor-widget-container\">\n\t\t\t\t\t\t\t<div class=\"elementor-spacer\">\n\t\t\t<div class=\"elementor-spacer-inner\"><\/div>\n\t\t<\/div>\n\t\t\t\t\t\t<\/div>\n\t\t\t\t<\/div>\n\t\t\t\t\t<\/div>\n\t\t<\/div>\n\t\t\t\t\t<\/div>\n\t\t<\/section>\n\t\t\t\t<section class=\"elementor-section elementor-top-section elementor-element elementor-element-531f24d0 elementor-section-boxed elementor-section-height-default elementor-section-height-default\" data-id=\"531f24d0\" data-element_type=\"section\" data-e-type=\"section\" data-settings=\"{&quot;background_background&quot;:&quot;classic&quot;}\">\n\t\t\t\t\t\t<div class=\"elementor-container elementor-column-gap-default\">\n\t\t\t\t\t<div class=\"elementor-column elementor-col-100 elementor-top-column elementor-element elementor-element-7d08fd82\" data-id=\"7d08fd82\" data-element_type=\"column\" data-e-type=\"column\" data-settings=\"{&quot;background_background&quot;:&quot;classic&quot;}\">\n\t\t\t<div class=\"elementor-widget-wrap elementor-element-populated\">\n\t\t\t\t\t\t<section class=\"elementor-section elementor-inner-section elementor-element elementor-element-36e59de9 elementor-section-boxed elementor-section-height-default elementor-section-height-default\" data-id=\"36e59de9\" data-element_type=\"section\" data-e-type=\"section\">\n\t\t\t\t\t\t<div class=\"elementor-container elementor-column-gap-extended\">\n\t\t\t\t\t<div class=\"elementor-column elementor-col-33 elementor-inner-column elementor-element elementor-element-2b1b5f8\" data-id=\"2b1b5f8\" data-element_type=\"column\" data-e-type=\"column\" data-settings=\"{&quot;background_background&quot;:&quot;classic&quot;}\">\n\t\t\t<div class=\"elementor-widget-wrap elementor-element-populated\">\n\t\t\t\t\t\t<div class=\"elementor-element elementor-element-6a9560b elementor-invisible elementor-widget elementor-widget-image\" data-id=\"6a9560b\" data-element_type=\"widget\" data-e-type=\"widget\" data-settings=\"{&quot;_animation&quot;:&quot;zoomIn&quot;}\" data-widget_type=\"image.default\">\n\t\t\t\t<div class=\"elementor-widget-container\">\n\t\t\t\t\t\t\t\t\t\t\t\t<figure class=\"wp-caption\">\n\t\t\t\t\t\t\t\t\t\t\t<a href=\"http:\/\/lyceedelaulne.fr\/?page_id=1007\">\n\t\t\t\t\t\t\t<img fetchpriority=\"high\" decoding=\"async\" width=\"600\" height=\"450\" src=\"https:\/\/lyceedelaulne.fr\/wp-content\/uploads\/2019\/06\/20190319_140512.png\" class=\"attachment-large size-large wp-image-1738\" alt=\"\" srcset=\"https:\/\/lyceedelaulne.fr\/wp-content\/uploads\/2019\/06\/20190319_140512.png 600w, https:\/\/lyceedelaulne.fr\/wp-content\/uploads\/2019\/06\/20190319_140512-300x225.png 300w, https:\/\/lyceedelaulne.fr\/wp-content\/uploads\/2019\/06\/20190319_140512-360x270.png 360w\" sizes=\"(max-width: 600px) 100vw, 600px\" \/>\t\t\t\t\t\t\t\t<\/a>\n\t\t\t\t\t\t\t\t\t\t\t<figcaption class=\"widget-image-caption wp-caption-text\">Bac Pro Am\u00e9nagements Paysagers<\/figcaption>\n\t\t\t\t\t\t\t\t\t\t<\/figure>\n\t\t\t\t\t\t\t\t\t<\/div>\n\t\t\t\t<\/div>\n\t\t\t\t\t<\/div>\n\t\t<\/div>\n\t\t\t\t<div class=\"elementor-column elementor-col-33 elementor-inner-column elementor-element elementor-element-50c40bdf\" data-id=\"50c40bdf\" data-element_type=\"column\" data-e-type=\"column\" data-settings=\"{&quot;background_background&quot;:&quot;classic&quot;}\">\n\t\t\t<div class=\"elementor-widget-wrap elementor-element-populated\">\n\t\t\t\t\t\t<div class=\"elementor-element elementor-element-58556708 elementor-invisible elementor-widget elementor-widget-image\" data-id=\"58556708\" data-element_type=\"widget\" data-e-type=\"widget\" data-settings=\"{&quot;_animation&quot;:&quot;zoomIn&quot;}\" data-widget_type=\"image.default\">\n\t\t\t\t<div class=\"elementor-widget-container\">\n\t\t\t\t\t\t\t\t\t\t\t\t<figure class=\"wp-caption\">\n\t\t\t\t\t\t\t\t\t\t\t<a href=\"https:\/\/lyceedelaulne.fr\/?page_id=7453\">\n\t\t\t\t\t\t\t<img decoding=\"async\" width=\"600\" height=\"450\" src=\"https:\/\/lyceedelaulne.fr\/wp-content\/uploads\/2019\/09\/P1320854-2.jpg\" class=\"attachment-large size-large wp-image-2902\" alt=\"BTS AP lyc\u00e9e de l&#039;Aulne semaine v\u00e9g\u00e9tale 9\" srcset=\"https:\/\/lyceedelaulne.fr\/wp-content\/uploads\/2019\/09\/P1320854-2.jpg 600w, https:\/\/lyceedelaulne.fr\/wp-content\/uploads\/2019\/09\/P1320854-2-300x225.jpg 300w, https:\/\/lyceedelaulne.fr\/wp-content\/uploads\/2019\/09\/P1320854-2-360x270.jpg 360w\" sizes=\"(max-width: 600px) 100vw, 600px\" \/>\t\t\t\t\t\t\t\t<\/a>\n\t\t\t\t\t\t\t\t\t\t\t<figcaption class=\"widget-image-caption wp-caption-text\">BTSA Am\u00e9nagements Paysagers<\/figcaption>\n\t\t\t\t\t\t\t\t\t\t<\/figure>\n\t\t\t\t\t\t\t\t\t<\/div>\n\t\t\t\t<\/div>\n\t\t\t\t\t<\/div>\n\t\t<\/div>\n\t\t\t\t<div class=\"elementor-column elementor-col-33 elementor-inner-column elementor-element elementor-element-47d1c709\" data-id=\"47d1c709\" data-element_type=\"column\" data-e-type=\"column\">\n\t\t\t<div class=\"elementor-widget-wrap elementor-element-populated\">\n\t\t\t\t\t\t\t<\/div>\n\t\t<\/div>\n\t\t\t\t\t<\/div>\n\t\t<\/section>\n\t\t\t\t\t<\/div>\n\t\t<\/div>\n\t\t\t\t\t<\/div>\n\t\t<\/section>\n\t\t\t\t<\/div>\n\t\t","protected":false},"excerpt":{"rendered":"<p>Formations paysage Bac Pro Am\u00e9nagements Paysagers BTSA Am\u00e9nagements Paysagers<\/p>\n","protected":false},"author":1,"featured_media":0,"parent":0,"menu_order":0,"comment_status":"closed","ping_status":"closed","template":"","meta":{"footnotes":""},"class_list":["post-3046","page","type-page","status-publish","hentry"],"_links":{"self":[{"href":"https:\/\/lyceedelaulne.fr\/index.php?rest_route=\/wp\/v2\/pages\/3046","targetHints":{"allow":["GET"]}}],"collection":[{"href":"https:\/\/lyceedelaulne.fr\/index.php?rest_route=\/wp\/v2\/pages"}],"about":[{"href":"https:\/\/lyceedelaulne.fr\/index.php?rest_route=\/wp\/v2\/types\/page"}],"author":[{"embeddable":true,"href":"https:\/\/lyceedelaulne.fr\/index.php?rest_route=\/wp\/v2\/users\/1"}],"replies":[{"embeddable":true,"href":"https:\/\/lyceedelaulne.fr\/index.php?rest_route=%2Fwp%2Fv2%2Fcomments&post=3046"}],"version-history":[{"count":12,"href":"https:\/\/lyceedelaulne.fr\/index.php?rest_route=\/wp\/v2\/pages\/3046\/revisions"}],"predecessor-version":[{"id":7578,"href":"https:\/\/lyceedelaulne.fr\/index.php?rest_route=\/wp\/v2\/pages\/3046\/revisions\/7578"}],"wp:attachment":[{"href":"https:\/\/lyceedelaulne.fr\/index.php?rest_route=%2Fwp%2Fv2%2Fmedia&parent=3046"}],"curies":[{"name":"wp","href":"https:\/\/api.w.org\/{rel}","templated":true}]}}