{"id":2202,"date":"2019-09-20T13:05:33","date_gmt":"2019-09-20T11:05:33","guid":{"rendered":"http:\/\/lyceedelaulne.fr\/?page_id=2202"},"modified":"2026-03-05T11:34:47","modified_gmt":"2026-03-05T10:34:47","slug":"info-pratiques","status":"publish","type":"page","link":"https:\/\/lyceedelaulne.fr\/?page_id=2202","title":{"rendered":"Informations pratiques"},"content":{"rendered":"\t\t<div data-elementor-type=\"wp-post\" data-elementor-id=\"2202\" class=\"elementor elementor-2202\">\n\t\t\t\t\t\t<section class=\"elementor-section elementor-top-section elementor-element elementor-element-1c39169f elementor-section-boxed elementor-section-height-default elementor-section-height-default\" data-id=\"1c39169f\" data-element_type=\"section\" data-e-type=\"section\" data-settings=\"{&quot;background_background&quot;:&quot;classic&quot;}\">\n\t\t\t\t\t\t\t<div class=\"elementor-background-overlay\"><\/div>\n\t\t\t\t\t\t\t<div class=\"elementor-container elementor-column-gap-default\">\n\t\t\t\t\t<div class=\"elementor-column elementor-col-50 elementor-top-column elementor-element elementor-element-3ad68a89\" data-id=\"3ad68a89\" data-element_type=\"column\" data-e-type=\"column\">\n\t\t\t<div class=\"elementor-widget-wrap elementor-element-populated\">\n\t\t\t\t\t\t<div class=\"elementor-element elementor-element-239b7882 elementor-widget elementor-widget-text-editor\" data-id=\"239b7882\" data-element_type=\"widget\" data-e-type=\"widget\" data-widget_type=\"text-editor.default\">\n\t\t\t\t<div class=\"elementor-widget-container\">\n\t\t\t\t\t\t\t\t\t<p><span style=\"text-decoration: underline;\"><strong>LE PERSONNEL EDUCATIF<\/strong><\/span><\/p>\n<ul>\n<li>Directeur de l&rsquo;EPL Ch\u00e2teaulin-Morlaix-Kerliver et proviseur du lyc\u00e9e de Ch\u00e2teaulin : C. MATRAT<\/li>\n<li>Proviseure adjointe : E. RECOLIN<\/li>\n<li>Directrice de l&rsquo;exploitation : M. DUCASSE<\/li>\n<\/ul>\n<ul>\n<li><em><strong>P\u00f4le vie de l&rsquo;\u00e9l\u00e8ve et \u00e9tudiant : <\/strong><\/em>\n<ul>\n<li>Conseill\u00e8re principale d&rsquo;\u00e9ducation : C. GOUZIEN<\/li>\n<li>TFR vie scolaire :&nbsp;&nbsp;A. LE MOING<\/li>\n<li>8 assistants d&rsquo;\u00e9ducation (6,5 ETP),&nbsp; ma\u00eetres au pair et 13 AESH\n<ul>\n<li style=\"list-style-type: none;\">&nbsp;<\/li>\n<\/ul>\n<\/li>\n<\/ul>\n<\/li>\n<li>Suivi sant\u00e9 :&nbsp; infirmi\u00e8re :&nbsp; S. LE FRIEC<\/li>\n<li>Equipe enseignante riche de 43 enseignants&nbsp;<\/li>\n<\/ul>\n<ul>\n<li><em><strong>Equipe administrative :<\/strong><\/em><\/li>\n<\/ul>\n<p style=\"padding-left: 40px;\">compos\u00e9e de 6 personnes responsables de l&rsquo;accueil, de la scolarit\u00e9, comptabilit\u00e9, intendance, bourses&#8230;<\/p>\n<ul>\n<li><strong><em>Personnels techniciens services :<\/em><\/strong>\n<ul>\n<li>Equipe restauration&nbsp; de 6&nbsp; personnes&nbsp;<\/li>\n<li>Equipe de m\u00e9nage et de maintenance de 10 personnes&nbsp;<\/li>\n<li>un ouvrier salari\u00e9 de l&rsquo;exploitation<\/li>\n<li>un technicien informatique<\/li>\n<li>une technicienne de laboratoire<\/li>\n<\/ul>\n<\/li>\n<\/ul>\t\t\t\t\t\t\t\t<\/div>\n\t\t\t\t<\/div>\n\t\t\t\t<div class=\"elementor-element elementor-element-a663cc2 elementor-widget elementor-widget-text-editor\" data-id=\"a663cc2\" data-element_type=\"widget\" data-e-type=\"widget\" data-widget_type=\"text-editor.default\">\n\t\t\t\t<div class=\"elementor-widget-container\">\n\t\t\t\t\t\t\t\t\t<p style=\"text-align: center;\"><strong>Plaquettes des formations du lyc\u00e9e de l&rsquo;Aulne<\/strong><\/p>\t\t\t\t\t\t\t\t<\/div>\n\t\t\t\t<\/div>\n\t\t\t\t<div class=\"elementor-element elementor-element-a9db007 elementor-icon-list--layout-inline elementor-align-start elementor-list-item-link-full_width elementor-widget elementor-widget-icon-list\" data-id=\"a9db007\" data-element_type=\"widget\" data-e-type=\"widget\" data-widget_type=\"icon-list.default\">\n\t\t\t\t<div class=\"elementor-widget-container\">\n\t\t\t\t\t\t\t<ul class=\"elementor-icon-list-items elementor-inline-items\">\n\t\t\t\t\t\t\t<li class=\"elementor-icon-list-item elementor-inline-item\">\n\t\t\t\t\t\t\t\t\t\t\t<a href=\"http:\/\/lyceedelaulne.fr\/wp-content\/uploads\/2023\/06\/C_TROISIEME_25-05-23_DEF5.pdf\" target=\"_blank\">\n\n\t\t\t\t\t\t\t\t\t\t\t\t<span class=\"elementor-icon-list-icon\">\n\t\t\t\t\t\t\t<i aria-hidden=\"true\" class=\"fas fa-download\"><\/i>\t\t\t\t\t\t<\/span>\n\t\t\t\t\t\t\t\t\t\t<span class=\"elementor-icon-list-text\">Troisi\u00e8me <\/span>\n\t\t\t\t\t\t\t\t\t\t\t<\/a>\n\t\t\t\t\t\t\t\t\t<\/li>\n\t\t\t\t\t\t\t\t<li class=\"elementor-icon-list-item elementor-inline-item\">\n\t\t\t\t\t\t\t\t\t\t\t<a href=\"http:\/\/lyceedelaulne.fr\/wp-content\/uploads\/2023\/06\/C_CAPa-_SAPVEP_25_05_23_DEF3.pdf\" target=\"_blank\">\n\n\t\t\t\t\t\t\t\t\t\t\t\t<span class=\"elementor-icon-list-icon\">\n\t\t\t\t\t\t\t<i aria-hidden=\"true\" class=\"fas fa-download\"><\/i>\t\t\t\t\t\t<\/span>\n\t\t\t\t\t\t\t\t\t\t<span class=\"elementor-icon-list-text\">CAPA SAPVER<\/span>\n\t\t\t\t\t\t\t\t\t\t\t<\/a>\n\t\t\t\t\t\t\t\t\t<\/li>\n\t\t\t\t\t\t\t\t<li class=\"elementor-icon-list-item elementor-inline-item\">\n\t\t\t\t\t\t\t\t\t\t\t<a href=\"http:\/\/lyceedelaulne.fr\/wp-content\/uploads\/2023\/06\/C_BAC_PRO-_AP_25_05_23_DEF3.pdf\" target=\"_blank\">\n\n\t\t\t\t\t\t\t\t\t\t\t\t<span class=\"elementor-icon-list-icon\">\n\t\t\t\t\t\t\t<i aria-hidden=\"true\" class=\"fas fa-download\"><\/i>\t\t\t\t\t\t<\/span>\n\t\t\t\t\t\t\t\t\t\t<span class=\"elementor-icon-list-text\">Bac Pro AP<\/span>\n\t\t\t\t\t\t\t\t\t\t\t<\/a>\n\t\t\t\t\t\t\t\t\t<\/li>\n\t\t\t\t\t\t\t\t<li class=\"elementor-icon-list-item elementor-inline-item\">\n\t\t\t\t\t\t\t\t\t\t\t<a href=\"http:\/\/lyceedelaulne.fr\/wp-content\/uploads\/2023\/06\/C_BAC_PRO-_SAPAT_25_05_23_DEF3.pdf\" target=\"_blank\">\n\n\t\t\t\t\t\t\t\t\t\t\t\t<span class=\"elementor-icon-list-icon\">\n\t\t\t\t\t\t\t<i aria-hidden=\"true\" class=\"fas fa-download\"><\/i>\t\t\t\t\t\t<\/span>\n\t\t\t\t\t\t\t\t\t\t<span class=\"elementor-icon-list-text\">Bac Pro SAPAT<\/span>\n\t\t\t\t\t\t\t\t\t\t\t<\/a>\n\t\t\t\t\t\t\t\t\t<\/li>\n\t\t\t\t\t\t\t\t<li class=\"elementor-icon-list-item elementor-inline-item\">\n\t\t\t\t\t\t\t\t\t\t\t<a href=\"http:\/\/lyceedelaulne.fr\/wp-content\/uploads\/2025\/07\/Plaquette-BAC_PRO-_TCVUJ.pdf\" target=\"_blank\">\n\n\t\t\t\t\t\t\t\t\t\t\t\t<span class=\"elementor-icon-list-icon\">\n\t\t\t\t\t\t\t<i aria-hidden=\"true\" class=\"fas fa-download\"><\/i>\t\t\t\t\t\t<\/span>\n\t\t\t\t\t\t\t\t\t\t<span class=\"elementor-icon-list-text\">Bac Pro TCVUJ<\/span>\n\t\t\t\t\t\t\t\t\t\t\t<\/a>\n\t\t\t\t\t\t\t\t\t<\/li>\n\t\t\t\t\t\t\t\t<li class=\"elementor-icon-list-item elementor-inline-item\">\n\t\t\t\t\t\t\t\t\t\t\t<a href=\"http:\/\/lyceedelaulne.fr\/wp-content\/uploads\/2025\/07\/Plaquette-BAC_PRO-_TCVUJ-apprentissage.pdf\" target=\"_blank\">\n\n\t\t\t\t\t\t\t\t\t\t\t\t<span class=\"elementor-icon-list-icon\">\n\t\t\t\t\t\t\t<i aria-hidden=\"true\" class=\"fas fa-download\"><\/i>\t\t\t\t\t\t<\/span>\n\t\t\t\t\t\t\t\t\t\t<span class=\"elementor-icon-list-text\">Bac Pro TCVUJ Apprentissage<\/span>\n\t\t\t\t\t\t\t\t\t\t\t<\/a>\n\t\t\t\t\t\t\t\t\t<\/li>\n\t\t\t\t\t\t\t\t<li class=\"elementor-icon-list-item elementor-inline-item\">\n\t\t\t\t\t\t\t\t\t\t\t<a href=\"http:\/\/lyceedelaulne.fr\/wp-content\/uploads\/2023\/06\/C_BAC_PRO-_CPH_25_05_23_DEF6.pdf\" target=\"_blank\">\n\n\t\t\t\t\t\t\t\t\t\t\t\t<span class=\"elementor-icon-list-icon\">\n\t\t\t\t\t\t\t<i aria-hidden=\"true\" class=\"fas fa-download\"><\/i>\t\t\t\t\t\t<\/span>\n\t\t\t\t\t\t\t\t\t\t<span class=\"elementor-icon-list-text\">Bac Pro CPH<\/span>\n\t\t\t\t\t\t\t\t\t\t\t<\/a>\n\t\t\t\t\t\t\t\t\t<\/li>\n\t\t\t\t\t\t\t\t<li class=\"elementor-icon-list-item elementor-inline-item\">\n\t\t\t\t\t\t\t\t\t\t\t<a href=\"http:\/\/lyceedelaulne.fr\/wp-content\/uploads\/2025\/07\/Plaquette-BAC_PRO_CPH-apprentissage.pdf\" target=\"_blank\">\n\n\t\t\t\t\t\t\t\t\t\t\t\t<span class=\"elementor-icon-list-icon\">\n\t\t\t\t\t\t\t<i aria-hidden=\"true\" class=\"fas fa-download\"><\/i>\t\t\t\t\t\t<\/span>\n\t\t\t\t\t\t\t\t\t\t<span class=\"elementor-icon-list-text\">Bac Pro CPH Apprentissage<\/span>\n\t\t\t\t\t\t\t\t\t\t\t<\/a>\n\t\t\t\t\t\t\t\t\t<\/li>\n\t\t\t\t\t\t\t\t<li class=\"elementor-icon-list-item elementor-inline-item\">\n\t\t\t\t\t\t\t\t\t\t\t<a href=\"http:\/\/lyceedelaulne.fr\/wp-content\/uploads\/2023\/06\/C_BTS-_AP_25_05_23_DEF4.pdf\" target=\"_blank\">\n\n\t\t\t\t\t\t\t\t\t\t\t\t<span class=\"elementor-icon-list-icon\">\n\t\t\t\t\t\t\t<i aria-hidden=\"true\" class=\"fas fa-download\"><\/i>\t\t\t\t\t\t<\/span>\n\t\t\t\t\t\t\t\t\t\t<span class=\"elementor-icon-list-text\">BTSA AP<\/span>\n\t\t\t\t\t\t\t\t\t\t\t<\/a>\n\t\t\t\t\t\t\t\t\t<\/li>\n\t\t\t\t\t\t\t\t<li class=\"elementor-icon-list-item elementor-inline-item\">\n\t\t\t\t\t\t\t\t\t\t\t<a href=\"http:\/\/lyceedelaulne.fr\/wp-content\/uploads\/2023\/06\/C_BTS-_DATVR_25_05_23_DEF3.pdf\" target=\"_blank\">\n\n\t\t\t\t\t\t\t\t\t\t\t\t<span class=\"elementor-icon-list-icon\">\n\t\t\t\t\t\t\t<i aria-hidden=\"true\" class=\"fas fa-download\"><\/i>\t\t\t\t\t\t<\/span>\n\t\t\t\t\t\t\t\t\t\t<span class=\"elementor-icon-list-text\">BTSA DATR<\/span>\n\t\t\t\t\t\t\t\t\t\t\t<\/a>\n\t\t\t\t\t\t\t\t\t<\/li>\n\t\t\t\t\t\t<\/ul>\n\t\t\t\t\t\t<\/div>\n\t\t\t\t<\/div>\n\t\t\t\t<div class=\"elementor-element elementor-element-cb7de3d elementor-widget elementor-widget-text-editor\" data-id=\"cb7de3d\" data-element_type=\"widget\" data-e-type=\"widget\" data-widget_type=\"text-editor.default\">\n\t\t\t\t<div class=\"elementor-widget-container\">\n\t\t\t\t\t\t\t\t\t<p style=\"text-align: center;\"><strong>R\u00e8glements int\u00e9rieurs du lyc\u00e9e de l&rsquo;Aulne<\/strong><\/p>\t\t\t\t\t\t\t\t<\/div>\n\t\t\t\t<\/div>\n\t\t\t\t<div class=\"elementor-element elementor-element-c78135a elementor-icon-list--layout-inline elementor-align-center elementor-list-item-link-full_width elementor-widget elementor-widget-icon-list\" data-id=\"c78135a\" data-element_type=\"widget\" data-e-type=\"widget\" data-widget_type=\"icon-list.default\">\n\t\t\t\t<div class=\"elementor-widget-container\">\n\t\t\t\t\t\t\t<ul class=\"elementor-icon-list-items elementor-inline-items\">\n\t\t\t\t\t\t\t<li class=\"elementor-icon-list-item elementor-inline-item\">\n\t\t\t\t\t\t\t\t\t\t\t<a href=\"http:\/\/lyceedelaulne.fr\/wp-content\/uploads\/2022\/09\/version-RI-2022.pdf\" target=\"_blank\">\n\n\t\t\t\t\t\t\t\t\t\t\t\t<span class=\"elementor-icon-list-icon\">\n\t\t\t\t\t\t\t<i aria-hidden=\"true\" class=\"fab fa-readme\"><\/i>\t\t\t\t\t\t<\/span>\n\t\t\t\t\t\t\t\t\t\t<span class=\"elementor-icon-list-text\">RI 2022<\/span>\n\t\t\t\t\t\t\t\t\t\t\t<\/a>\n\t\t\t\t\t\t\t\t\t<\/li>\n\t\t\t\t\t\t\t\t<li class=\"elementor-icon-list-item elementor-inline-item\">\n\t\t\t\t\t\t\t\t\t\t\t<a href=\"http:\/\/lyceedelaulne.fr\/wp-content\/uploads\/2022\/09\/version-synth\u00e8se-RI-2022.pdf\" target=\"_blank\">\n\n\t\t\t\t\t\t\t\t\t\t\t\t<span class=\"elementor-icon-list-icon\">\n\t\t\t\t\t\t\t<i aria-hidden=\"true\" class=\"fab fa-readme\"><\/i>\t\t\t\t\t\t<\/span>\n\t\t\t\t\t\t\t\t\t\t<span class=\"elementor-icon-list-text\">RI synth\u00e9tique 2022<\/span>\n\t\t\t\t\t\t\t\t\t\t\t<\/a>\n\t\t\t\t\t\t\t\t\t<\/li>\n\t\t\t\t\t\t<\/ul>\n\t\t\t\t\t\t<\/div>\n\t\t\t\t<\/div>\n\t\t\t\t<div class=\"elementor-element elementor-element-bce098f elementor-widget elementor-widget-text-editor\" data-id=\"bce098f\" data-element_type=\"widget\" data-e-type=\"widget\" data-widget_type=\"text-editor.default\">\n\t\t\t\t<div class=\"elementor-widget-container\">\n\t\t\t\t\t\t\t\t\t<p style=\"text-align: center;\"><strong>Dossier d&rsquo;inscription en troisi\u00e8me 2025-2026<br \/><\/strong><\/p>\t\t\t\t\t\t\t\t<\/div>\n\t\t\t\t<\/div>\n\t\t\t\t<div class=\"elementor-element elementor-element-f3cc491 elementor-icon-list--layout-inline elementor-align-center elementor-list-item-link-full_width elementor-widget elementor-widget-icon-list\" data-id=\"f3cc491\" data-element_type=\"widget\" data-e-type=\"widget\" data-widget_type=\"icon-list.default\">\n\t\t\t\t<div class=\"elementor-widget-container\">\n\t\t\t\t\t\t\t<ul class=\"elementor-icon-list-items elementor-inline-items\">\n\t\t\t\t\t\t\t<li class=\"elementor-icon-list-item elementor-inline-item\">\n\t\t\t\t\t\t\t\t\t\t\t<a href=\"http:\/\/lyceedelaulne.fr\/wp-content\/uploads\/2025\/04\/Dossier-admission-3eme_2025-2026-1.docx\" target=\"_blank\">\n\n\t\t\t\t\t\t\t\t\t\t\t\t<span class=\"elementor-icon-list-icon\">\n\t\t\t\t\t\t\t<i aria-hidden=\"true\" class=\"fas fa-download\"><\/i>\t\t\t\t\t\t<\/span>\n\t\t\t\t\t\t\t\t\t\t<span class=\"elementor-icon-list-text\">Document word<\/span>\n\t\t\t\t\t\t\t\t\t\t\t<\/a>\n\t\t\t\t\t\t\t\t\t<\/li>\n\t\t\t\t\t\t\t\t<li class=\"elementor-icon-list-item elementor-inline-item\">\n\t\t\t\t\t\t\t\t\t\t\t<a href=\"http:\/\/lyceedelaulne.fr\/wp-content\/uploads\/2025\/04\/Dossier-admission-3eme_2025-2026.pdf\" target=\"_blank\">\n\n\t\t\t\t\t\t\t\t\t\t\t\t<span class=\"elementor-icon-list-icon\">\n\t\t\t\t\t\t\t<i aria-hidden=\"true\" class=\"fas fa-download\"><\/i>\t\t\t\t\t\t<\/span>\n\t\t\t\t\t\t\t\t\t\t<span class=\"elementor-icon-list-text\">fichier PDF<\/span>\n\t\t\t\t\t\t\t\t\t\t\t<\/a>\n\t\t\t\t\t\t\t\t\t<\/li>\n\t\t\t\t\t\t<\/ul>\n\t\t\t\t\t\t<\/div>\n\t\t\t\t<\/div>\n\t\t\t\t\t<\/div>\n\t\t<\/div>\n\t\t\t\t<div class=\"elementor-column elementor-col-50 elementor-top-column elementor-element elementor-element-3d883075\" data-id=\"3d883075\" data-element_type=\"column\" data-e-type=\"column\">\n\t\t\t<div class=\"elementor-widget-wrap elementor-element-populated\">\n\t\t\t\t\t\t<div class=\"elementor-element elementor-element-15e2f264 elementor-widget elementor-widget-text-editor\" data-id=\"15e2f264\" data-element_type=\"widget\" data-e-type=\"widget\" data-widget_type=\"text-editor.default\">\n\t\t\t\t<div class=\"elementor-widget-container\">\n\t\t\t\t\t\t\t\t\t<p><span style=\"text-decoration: underline;\"><strong>COORDONNEES<\/strong><\/span><\/p><p><img decoding=\"async\" class=\"alignright wp-image-5935 size-thumbnail\" src=\"http:\/\/lyceedelaulne.fr\/wp-content\/uploads\/2022\/01\/cropped-cropped-CHATEAULIN_MAIL_V01-1-150x150.png\" alt=\"\" width=\"150\" height=\"150\" \/>Lyc\u00e9e de l&rsquo;Aulne<br \/>31, Rocade du Parc Bihan<br \/>BP 26<br \/>29150\u00a0 CH\u00c2TEAULIN<\/p><p><img decoding=\"async\" class=\"alignleft wp-image-2251\" src=\"http:\/\/lyceedelaulne.fr\/wp-content\/uploads\/2019\/09\/t\u00e9l\u00e9phone-ss-ap.png\" alt=\"\" width=\"30\" height=\"30\" srcset=\"https:\/\/lyceedelaulne.fr\/wp-content\/uploads\/2019\/09\/t\u00e9l\u00e9phone-ss-ap.png 255w, https:\/\/lyceedelaulne.fr\/wp-content\/uploads\/2019\/09\/t\u00e9l\u00e9phone-ss-ap-150x150.png 150w\" sizes=\"(max-width: 30px) 100vw, 30px\" \/>02 98 86 05 43<\/p><p><img decoding=\"async\" class=\"alignleft wp-image-2252\" src=\"http:\/\/lyceedelaulne.fr\/wp-content\/uploads\/2019\/09\/mail.png\" alt=\"\" width=\"30\" height=\"30\" srcset=\"https:\/\/lyceedelaulne.fr\/wp-content\/uploads\/2019\/09\/mail.png 255w, https:\/\/lyceedelaulne.fr\/wp-content\/uploads\/2019\/09\/mail-150x150.png 150w\" sizes=\"(max-width: 30px) 100vw, 30px\" \/>legta.chateaulin@educagri.fr<\/p><p><img loading=\"lazy\" decoding=\"async\" class=\"alignleft wp-image-2232\" src=\"http:\/\/lyceedelaulne.fr\/wp-content\/uploads\/2019\/09\/http.png\" alt=\"\" width=\"30\" height=\"30\" srcset=\"https:\/\/lyceedelaulne.fr\/wp-content\/uploads\/2019\/09\/http.png 380w, https:\/\/lyceedelaulne.fr\/wp-content\/uploads\/2019\/09\/http-150x150.png 150w, https:\/\/lyceedelaulne.fr\/wp-content\/uploads\/2019\/09\/http-300x300.png 300w, https:\/\/lyceedelaulne.fr\/wp-content\/uploads\/2019\/09\/http-270x270.png 270w\" sizes=\"(max-width: 30px) 100vw, 30px\" \/>http:\/\/lyceedelaulne.fr<\/p><p><img loading=\"lazy\" decoding=\"async\" class=\"alignleft wp-image-2225\" src=\"http:\/\/lyceedelaulne.fr\/wp-content\/uploads\/2019\/09\/768px-New-email-envelope-back-symbol-in-circular-outlined-button.svg.png\" alt=\"\" width=\"30\" height=\"30\" srcset=\"https:\/\/lyceedelaulne.fr\/wp-content\/uploads\/2019\/09\/768px-New-email-envelope-back-symbol-in-circular-outlined-button.svg.png 380w, https:\/\/lyceedelaulne.fr\/wp-content\/uploads\/2019\/09\/768px-New-email-envelope-back-symbol-in-circular-outlined-button.svg-150x150.png 150w, https:\/\/lyceedelaulne.fr\/wp-content\/uploads\/2019\/09\/768px-New-email-envelope-back-symbol-in-circular-outlined-button.svg-300x300.png 300w, https:\/\/lyceedelaulne.fr\/wp-content\/uploads\/2019\/09\/768px-New-email-envelope-back-symbol-in-circular-outlined-button.svg-270x270.png 270w\" sizes=\"(max-width: 30px) 100vw, 30px\" \/><a href=\"http:\/\/lyceedelaulne.fr\/?page_id=73\" target=\"_blank\" rel=\"noopener\">Nous contacter<\/a><\/p><p><a href=\"http:\/\/lyceedelaulne.fr\/?page_id=1262\" target=\"_blank\" rel=\"noopener\"><strong><img loading=\"lazy\" decoding=\"async\" class=\"alignleft wp-image-2253\" src=\"http:\/\/lyceedelaulne.fr\/wp-content\/uploads\/2019\/09\/loc-ss-ap.png\" alt=\"\" width=\"30\" height=\"30\" srcset=\"https:\/\/lyceedelaulne.fr\/wp-content\/uploads\/2019\/09\/loc-ss-ap.png 255w, https:\/\/lyceedelaulne.fr\/wp-content\/uploads\/2019\/09\/loc-ss-ap-150x150.png 150w\" sizes=\"(max-width: 30px) 100vw, 30px\" \/>Venir au lyc\u00e9e de l&rsquo;Aulne<\/strong><\/a><\/p>\t\t\t\t\t\t\t\t<\/div>\n\t\t\t\t<\/div>\n\t\t\t\t\t<\/div>\n\t\t<\/div>\n\t\t\t\t\t<\/div>\n\t\t<\/section>\n\t\t\t\t<section class=\"elementor-section elementor-top-section elementor-element elementor-element-354a04ac elementor-section-boxed elementor-section-height-default elementor-section-height-default\" data-id=\"354a04ac\" data-element_type=\"section\" data-e-type=\"section\">\n\t\t\t\t\t\t<div class=\"elementor-container elementor-column-gap-default\">\n\t\t\t\t\t<div class=\"elementor-column elementor-col-100 elementor-top-column elementor-element elementor-element-776efd0b\" data-id=\"776efd0b\" data-element_type=\"column\" data-e-type=\"column\">\n\t\t\t<div class=\"elementor-widget-wrap elementor-element-populated\">\n\t\t\t\t\t\t\t<\/div>\n\t\t<\/div>\n\t\t\t\t\t<\/div>\n\t\t<\/section>\n\t\t\t\t<\/div>\n\t\t","protected":false},"excerpt":{"rendered":"<p>LE PERSONNEL EDUCATIF Directeur de l&rsquo;EPL Ch\u00e2teaulin-Morlaix-Kerliver et proviseur du lyc\u00e9e de Ch\u00e2teaulin : C. MATRAT Proviseure adjointe : E. RECOLIN Directrice de l&rsquo;exploitation : M. DUCASSE P\u00f4le vie de l&rsquo;\u00e9l\u00e8ve et \u00e9tudiant : Conseill\u00e8re principale d&rsquo;\u00e9ducation : C. GOUZIEN&hellip;&nbsp;<a href=\"https:\/\/lyceedelaulne.fr\/?page_id=2202\" class=\"more-link\">Lire la suite<\/a><\/p>\n","protected":false},"author":1,"featured_media":0,"parent":0,"menu_order":0,"comment_status":"closed","ping_status":"closed","template":"","meta":{"footnotes":""},"class_list":["post-2202","page","type-page","status-publish","hentry"],"_links":{"self":[{"href":"https:\/\/lyceedelaulne.fr\/index.php?rest_route=\/wp\/v2\/pages\/2202","targetHints":{"allow":["GET"]}}],"collection":[{"href":"https:\/\/lyceedelaulne.fr\/index.php?rest_route=\/wp\/v2\/pages"}],"about":[{"href":"https:\/\/lyceedelaulne.fr\/index.php?rest_route=\/wp\/v2\/types\/page"}],"author":[{"embeddable":true,"href":"https:\/\/lyceedelaulne.fr\/index.php?rest_route=\/wp\/v2\/users\/1"}],"replies":[{"embeddable":true,"href":"https:\/\/lyceedelaulne.fr\/index.php?rest_route=%2Fwp%2Fv2%2Fcomments&post=2202"}],"version-history":[{"count":164,"href":"https:\/\/lyceedelaulne.fr\/index.php?rest_route=\/wp\/v2\/pages\/2202\/revisions"}],"predecessor-version":[{"id":8029,"href":"https:\/\/lyceedelaulne.fr\/index.php?rest_route=\/wp\/v2\/pages\/2202\/revisions\/8029"}],"wp:attachment":[{"href":"https:\/\/lyceedelaulne.fr\/index.php?rest_route=%2Fwp%2Fv2%2Fmedia&parent=2202"}],"curies":[{"name":"wp","href":"https:\/\/api.w.org\/{rel}","templated":true}]}}