{"id":134,"date":"2018-12-12T13:38:51","date_gmt":"2018-12-12T12:38:51","guid":{"rendered":"http:\/\/lyceedelaulne.fr\/?page_id=134"},"modified":"2020-01-31T09:32:43","modified_gmt":"2020-01-31T08:32:43","slug":"bts","status":"publish","type":"page","link":"https:\/\/lyceedelaulne.fr\/?page_id=134","title":{"rendered":"BTS"},"content":{"rendered":"\n<style>\n   @import url('https:\/\/fonts.googleapis.com\/css?family=Questrial');<br \/>\n<\/style>\n<div class=\"listeFormation\">\n<div class=\"cardsContainerPageFormation\">\n<p id=\"niveaux\" class=\"niveauBTS\">Brevet de Technicien Sup\u00e9rieur Agricole<\/p>\n<div class=\"BTS\">\n<div id=\"un\" class=\"card\">\n<div class=\"flipCardInner\">\n<div class=\"frontBts\">\n<h4 id=\"titreFormationBts\">BTSA<br><br>Am\u00e9nagements<br>\nPaysagers<\/h4>\n<h4><\/h4>\n<\/div>\n<div class=\"backBts\" onclick=\"location.href='http:\/\/lyceedelaulne.fr\/?page_id=1026\/';\">\n<p id=\"pBts\">La nature, le jardin vous int\u00e9resse ? Vous aimez embellir le quotidien. Organiser un projet de jardin de la conception \u00e0 la r\u00e9alisation ?<\/br><\/br>Venez en BTS AP !<\/p>\n<\/div>\n<\/div>\n<\/div>\n<div id=\"deux\" class=\"card\">\n<div class=\"flipCardInner\">\n<div class=\"frontBts\">\n<h4 id=\"titreFormationBts\">BTSA<br><br>Developpement et<br>\nAnimation des<br>\nTerritoires Ruraux<\/h4>\n<\/div>\n<div class=\"backBts\" onclick=\"location.href='http:\/\/lyceedelaulne.fr\/?page_id=946\/';\">\n<p id=\"pBts\">Vous \u00eates dynamique, impliqu\u00e9 dans des<br>\nprojets ? Le d\u00e9veloppement des territoires vous<br>\nint\u00e9resse ?<\/p>\n<p id=\"conclusion\">\nVenez en DATR !<\/p>\n<\/div>\n<\/div>\n<\/div>\n<\/div>\n<\/div>\n<\/div>\n","protected":false},"excerpt":{"rendered":"<p>Brevet de Technicien Sup\u00e9rieur Agricole BTSA Am\u00e9nagements Paysagers La nature, le jardin vous int\u00e9resse ? Vous aimez embellir le quotidien. Organiser un projet de jardin de la conception \u00e0 la r\u00e9alisation ?Venez en BTS AP ! BTSA Developpement et Animation&hellip;&nbsp;<a href=\"https:\/\/lyceedelaulne.fr\/?page_id=134\" class=\"more-link\">Lire la suite<\/a><\/p>\n","protected":false},"author":1,"featured_media":0,"parent":0,"menu_order":0,"comment_status":"closed","ping_status":"closed","template":"","meta":{"footnotes":""},"class_list":["post-134","page","type-page","status-publish","hentry"],"_links":{"self":[{"href":"https:\/\/lyceedelaulne.fr\/index.php?rest_route=\/wp\/v2\/pages\/134","targetHints":{"allow":["GET"]}}],"collection":[{"href":"https:\/\/lyceedelaulne.fr\/index.php?rest_route=\/wp\/v2\/pages"}],"about":[{"href":"https:\/\/lyceedelaulne.fr\/index.php?rest_route=\/wp\/v2\/types\/page"}],"author":[{"embeddable":true,"href":"https:\/\/lyceedelaulne.fr\/index.php?rest_route=\/wp\/v2\/users\/1"}],"replies":[{"embeddable":true,"href":"https:\/\/lyceedelaulne.fr\/index.php?rest_route=%2Fwp%2Fv2%2Fcomments&post=134"}],"version-history":[{"count":13,"href":"https:\/\/lyceedelaulne.fr\/index.php?rest_route=\/wp\/v2\/pages\/134\/revisions"}],"predecessor-version":[{"id":3974,"href":"https:\/\/lyceedelaulne.fr\/index.php?rest_route=\/wp\/v2\/pages\/134\/revisions\/3974"}],"wp:attachment":[{"href":"https:\/\/lyceedelaulne.fr\/index.php?rest_route=%2Fwp%2Fv2%2Fmedia&parent=134"}],"curies":[{"name":"wp","href":"https:\/\/api.w.org\/{rel}","templated":true}]}}