{"id":132,"date":"2018-12-12T13:38:36","date_gmt":"2018-12-12T12:38:36","guid":{"rendered":"http:\/\/lyceedelaulne.fr\/?page_id=132"},"modified":"2020-01-31T09:37:06","modified_gmt":"2020-01-31T08:37:06","slug":"bac","status":"publish","type":"page","link":"https:\/\/lyceedelaulne.fr\/?page_id=132","title":{"rendered":"BAC"},"content":{"rendered":"\n<style>\n   @import url('https:\/\/fonts.googleapis.com\/css?family=Questrial');<br \/>\n<\/style>\n<div class=\"listeFormation\">\n<div class=\"cardsContainerPageFormation\">\n<p id=\"niveaux\" class=\"niveauBAC\">Baccalaur\u00e9at Professionnel Agricole<\/p>\n<div class=\"BAC\">\n<div id=\"trois\" class=\"card\">\n<div class=\"flipCardInner\">\n<div class=\"frontBac\">\n<h4 id=\"titreFormation\">BAC PRO<\/br><\/br>\nServices \u00e0\nla Personne et\nAux Territoires<\/h4>\n<\/div>\n<div class=\"backBac\" onclick=\"location.href='http:\/\/lyceedelaulne.fr\/?page_id=1014';\">\n<p id=\"pBac\">Vous \u00eates dans la bienveillance, dans l\u2019empathie des autres pour les accompagner dans leur vie et leur quotidien ?<\/br><\/br>Venez en bac pro sapat !<\/p>\n<\/div>\n<\/div>\n<\/div>\n<div id=\"quatre\" class=\"card\">\n<div class=\"flipCardInner\">\n<div class=\"frontBac\">\n<h4 id=\"titreFormation\">BAC PRO<\/br><\/br> Am\u00e9nagements<br>\nPaysagers<\/h4>\n<\/div>\n<div class=\"backBac\" onclick=\"location.href='http:\/\/lyceedelaulne.fr\/?page_id=1007';\">\n<p id=\"pBac\">Vous aimez la nature, embellir les jardins. Vous \u00eates cr\u00e9atif et entreprenant ?<\/br><\/br>Venez en Bac pro AP !<\/p>\n<\/div>\n<\/div>\n<\/div>\n<div id=\"cinq\" class=\"card\">\n<div class=\"flipCardInner\">\n<div class=\"frontBac\">\n<h4 id=\"titreFormation\">BAC PRO<\/br><\/br>Conduite Production<br>\nHorticole<\/h4>\n<h4><\/h4>\n<\/div>\n<div class=\"backBac\" onclick=\"http:\/\/lyceedelaulne.fr\/?page_id=1143';\">\n<p id=\"pBac\">Vous aimez le v\u00e9g\u00e9tal. Vous souhaitez nourrir, embellir la vie des gens ?<\/br><\/br>Venez en Bac Pro CPH !<\/p>\n<\/div>\n<\/div>\n<\/div>\n<div id=\"six\" class=\"card\">\n<div class=\"flipCardInner\">\n<div class=\"frontBac\">\n<h4 id=\"titreFormation\">BAC PRO<\/br><\/br>\nTechnicien Conseil<br>\nVente de Produits<br>\nde Jardin<\/h4>\n<h4><\/h4>\n<\/div>\n<div class=\"backBac\" onclick=\"location.href='http:\/\/lyceedelaulne.fr\/?page_id=1650';\">\n<p id=\"pBac\">Vous \u00eates organis\u00e9, m\u00e9thodique tout en aimant cr\u00e9er, mettre en sc\u00e8ne, faire de joli d\u00e9cor ?<\/br><\/br> Venez en Bac pro Vente !<\/p>\n<\/div>\n<\/div>\n<\/div>\n<\/div>\n<\/div>\n<\/div>\n","protected":false},"excerpt":{"rendered":"<p>Baccalaur\u00e9at Professionnel Agricole BAC PRO Services \u00e0 la Personne et Aux Territoires Vous \u00eates dans la bienveillance, dans l\u2019empathie des autres pour les accompagner dans leur vie et leur quotidien ?Venez en bac pro sapat ! BAC PRO Am\u00e9nagements Paysagers&hellip;&nbsp;<a href=\"https:\/\/lyceedelaulne.fr\/?page_id=132\" class=\"more-link\">Lire la suite<\/a><\/p>\n","protected":false},"author":1,"featured_media":0,"parent":0,"menu_order":0,"comment_status":"closed","ping_status":"closed","template":"","meta":{"footnotes":""},"class_list":["post-132","page","type-page","status-publish","hentry"],"_links":{"self":[{"href":"https:\/\/lyceedelaulne.fr\/index.php?rest_route=\/wp\/v2\/pages\/132","targetHints":{"allow":["GET"]}}],"collection":[{"href":"https:\/\/lyceedelaulne.fr\/index.php?rest_route=\/wp\/v2\/pages"}],"about":[{"href":"https:\/\/lyceedelaulne.fr\/index.php?rest_route=\/wp\/v2\/types\/page"}],"author":[{"embeddable":true,"href":"https:\/\/lyceedelaulne.fr\/index.php?rest_route=\/wp\/v2\/users\/1"}],"replies":[{"embeddable":true,"href":"https:\/\/lyceedelaulne.fr\/index.php?rest_route=%2Fwp%2Fv2%2Fcomments&post=132"}],"version-history":[{"count":19,"href":"https:\/\/lyceedelaulne.fr\/index.php?rest_route=\/wp\/v2\/pages\/132\/revisions"}],"predecessor-version":[{"id":3976,"href":"https:\/\/lyceedelaulne.fr\/index.php?rest_route=\/wp\/v2\/pages\/132\/revisions\/3976"}],"wp:attachment":[{"href":"https:\/\/lyceedelaulne.fr\/index.php?rest_route=%2Fwp%2Fv2%2Fmedia&parent=132"}],"curies":[{"name":"wp","href":"https:\/\/api.w.org\/{rel}","templated":true}]}}