{"id":1262,"date":"2019-04-04T17:48:36","date_gmt":"2019-04-04T15:48:36","guid":{"rendered":"http:\/\/lyceedelaulne.fr\/?page_id=1262"},"modified":"2025-09-08T12:47:35","modified_gmt":"2025-09-08T10:47:35","slug":"informations-pratiques","status":"publish","type":"page","link":"https:\/\/lyceedelaulne.fr\/?page_id=1262","title":{"rendered":"Venir au lyc\u00e9e"},"content":{"rendered":"\t\t<div data-elementor-type=\"wp-post\" data-elementor-id=\"1262\" class=\"elementor elementor-1262\">\n\t\t\t\t\t\t<section class=\"elementor-section elementor-top-section elementor-element elementor-element-515aaca elementor-section-boxed elementor-section-height-default elementor-section-height-default\" data-id=\"515aaca\" data-element_type=\"section\" data-e-type=\"section\" data-settings=\"{&quot;background_background&quot;:&quot;classic&quot;}\">\n\t\t\t\t\t\t<div class=\"elementor-container elementor-column-gap-default\">\n\t\t\t\t\t<div class=\"elementor-column elementor-col-50 elementor-top-column elementor-element elementor-element-b22e4b9\" data-id=\"b22e4b9\" data-element_type=\"column\" data-e-type=\"column\">\n\t\t\t<div class=\"elementor-widget-wrap elementor-element-populated\">\n\t\t\t\t\t\t<div class=\"elementor-element elementor-element-f5f7422 elementor-widget elementor-widget-text-editor\" data-id=\"f5f7422\" data-element_type=\"widget\" data-e-type=\"widget\" data-widget_type=\"text-editor.default\">\n\t\t\t\t<div class=\"elementor-widget-container\">\n\t\t\t\t\t\t\t\t\t<div><span style=\"color: #333333;\"><strong>LYCEE DE L&rsquo;AULNE<\/strong><\/span><\/div><div><span style=\"color: #333333;\">Le Lyc\u00e9e est situ\u00e9 \u00e0 Ch\u00e2teaulin, \u00e0 20 min de QUIMPER, 45 min de BREST et \u00e0 45 min de MORLAIX et CARHAIX.<\/span><\/div><div><span style=\"color: #333333;\">Cordonn\u00e9es GPS (Lat x Long) : 48.191126000, -4.086931000<\/span><\/div><p><strong>Acc\u00e8s :<\/strong><\/p><p>Par train : gare de Ch\u00e2teaulin.<\/p><p><em>Une navette fait le trajet de la gare au lyc\u00e9e le lundi matin \u00e0 9h45 et inversement le vendredi soir \u00e0 16h.<\/em><\/p><p>Par car : <a href=\"https:\/\/www.breizhgo.bzh\/se-deplacer-en-bretagne\" target=\"_blank\" rel=\"noopener\"><span style=\"color: #0000ff;\">BREIZHGO<\/span><\/a><\/p>\t\t\t\t\t\t\t\t<\/div>\n\t\t\t\t<\/div>\n\t\t\t\t\t<\/div>\n\t\t<\/div>\n\t\t\t\t<div class=\"elementor-column elementor-col-50 elementor-top-column elementor-element elementor-element-b6f7735\" data-id=\"b6f7735\" data-element_type=\"column\" data-e-type=\"column\">\n\t\t\t<div class=\"elementor-widget-wrap elementor-element-populated\">\n\t\t\t\t\t\t<div class=\"elementor-element elementor-element-6fd5959 elementor-widget elementor-widget-google_maps\" data-id=\"6fd5959\" data-element_type=\"widget\" data-e-type=\"widget\" data-widget_type=\"google_maps.default\">\n\t\t\t\t<div class=\"elementor-widget-container\">\n\t\t\t\t\t\t\t<div class=\"elementor-custom-embed\">\n\t\t\t<iframe loading=\"lazy\"\n\t\t\t\t\tsrc=\"https:\/\/maps.google.com\/maps?q=Le%20lyc%C3%A9e%20de%20l%27Aulne%20Ch%C3%A2teaulin&#038;t=m&#038;z=10&#038;output=embed&#038;iwloc=near\"\n\t\t\t\t\ttitle=\"Le lyc\u00e9e de l&#039;Aulne Ch\u00e2teaulin\"\n\t\t\t\t\taria-label=\"Le lyc\u00e9e de l&#039;Aulne Ch\u00e2teaulin\"\n\t\t\t><\/iframe>\n\t\t<\/div>\n\t\t\t\t\t\t<\/div>\n\t\t\t\t<\/div>\n\t\t\t\t\t<\/div>\n\t\t<\/div>\n\t\t\t\t\t<\/div>\n\t\t<\/section>\n\t\t\t\t<\/div>\n\t\t","protected":false},"excerpt":{"rendered":"<p>LYCEE DE L&rsquo;AULNELe Lyc\u00e9e est situ\u00e9 \u00e0 Ch\u00e2teaulin, \u00e0 20 min de QUIMPER, 45 min de BREST et \u00e0 45 min de MORLAIX et CARHAIX.Cordonn\u00e9es GPS (Lat x Long) : 48.191126000, -4.086931000 Acc\u00e8s : Par train : gare de Ch\u00e2teaulin.&hellip;&nbsp;<a href=\"https:\/\/lyceedelaulne.fr\/?page_id=1262\" class=\"more-link\">Lire la suite<\/a><\/p>\n","protected":false},"author":1,"featured_media":0,"parent":0,"menu_order":0,"comment_status":"closed","ping_status":"closed","template":"","meta":{"footnotes":""},"class_list":["post-1262","page","type-page","status-publish","hentry"],"_links":{"self":[{"href":"https:\/\/lyceedelaulne.fr\/index.php?rest_route=\/wp\/v2\/pages\/1262","targetHints":{"allow":["GET"]}}],"collection":[{"href":"https:\/\/lyceedelaulne.fr\/index.php?rest_route=\/wp\/v2\/pages"}],"about":[{"href":"https:\/\/lyceedelaulne.fr\/index.php?rest_route=\/wp\/v2\/types\/page"}],"author":[{"embeddable":true,"href":"https:\/\/lyceedelaulne.fr\/index.php?rest_route=\/wp\/v2\/users\/1"}],"replies":[{"embeddable":true,"href":"https:\/\/lyceedelaulne.fr\/index.php?rest_route=%2Fwp%2Fv2%2Fcomments&post=1262"}],"version-history":[{"count":17,"href":"https:\/\/lyceedelaulne.fr\/index.php?rest_route=\/wp\/v2\/pages\/1262\/revisions"}],"predecessor-version":[{"id":7935,"href":"https:\/\/lyceedelaulne.fr\/index.php?rest_route=\/wp\/v2\/pages\/1262\/revisions\/7935"}],"wp:attachment":[{"href":"https:\/\/lyceedelaulne.fr\/index.php?rest_route=%2Fwp%2Fv2%2Fmedia&parent=1262"}],"curies":[{"name":"wp","href":"https:\/\/api.w.org\/{rel}","templated":true}]}}